{"id":10832,"date":"2015-04-20T11:50:56","date_gmt":"2015-04-20T11:50:56","guid":{"rendered":"https:\/\/developresiliency.com\/o-mne\/"},"modified":"2026-03-11T23:04:30","modified_gmt":"2026-03-11T23:04:30","slug":"my-story","status":"publish","type":"page","link":"https:\/\/developresiliency.com\/en\/my-story\/","title":{"rendered":"My story"},"content":{"rendered":"<style type=\"text\/css\"> \n#cmsmasters_row_69e1003b1df340_35656782 .cmsmasters_row_outer_parent { \n\tpadding-top: 60px; \n} \n\n#cmsmasters_row_69e1003b1df340_35656782 .cmsmasters_row_outer_parent { \n\tpadding-bottom: 0px; \n} \n\n \n#cmsmasters_heading_69e1003b1e7ef2_25617238 { \n\ttext-align:left; \n\tmargin-top:0px; \n\tmargin-bottom:30px; \n} \n\n#cmsmasters_heading_69e1003b1e7ef2_25617238 .cmsmasters_heading { \n\ttext-align:left; \n} \n\n#cmsmasters_heading_69e1003b1e7ef2_25617238 .cmsmasters_heading, #cmsmasters_heading_69e1003b1e7ef2_25617238 .cmsmasters_heading a { \n\tfont-size:36px; \n\tfont-weight:800; \n\tfont-style:normal; \n} \n\n#cmsmasters_heading_69e1003b1e7ef2_25617238 .cmsmasters_heading_divider { \n} \n\n \n#cmsmasters_divider_69e1003b1ea2e0_00267818 { \n\tborder-bottom-width:0px; \n\tborder-bottom-style:solid; \n\tpadding-top:0px; \n\tmargin-bottom:50px; \n} \n \n#cmsmasters_heading_69e1003b20a2b5_26744132 { \n\ttext-align:center; \n\tmargin-top:0px; \n\tmargin-bottom:20px; \n} \n\n#cmsmasters_heading_69e1003b20a2b5_26744132 .cmsmasters_heading { \n\ttext-align:center; \n} \n\n#cmsmasters_heading_69e1003b20a2b5_26744132 .cmsmasters_heading, #cmsmasters_heading_69e1003b20a2b5_26744132 .cmsmasters_heading a { \n\tfont-weight:normal; \n\tfont-style:normal; \n} \n\n#cmsmasters_heading_69e1003b20a2b5_26744132 .cmsmasters_heading_divider { \n} \n\n \n#cmsmasters_row_69e1003b20b6f6_26612495 .cmsmasters_row_outer_parent { \n\tpadding-top: 0px; \n} \n\n#cmsmasters_row_69e1003b20b6f6_26612495 .cmsmasters_row_outer_parent { \n\tpadding-bottom: 60px; \n} \n\n \n#cmsmasters_heading_69e1003b20cce5_66924490 { \n\ttext-align:center; \n\tmargin-top:0px; \n\tmargin-bottom:20px; \n} \n\n#cmsmasters_heading_69e1003b20cce5_66924490 .cmsmasters_heading { \n\ttext-align:center; \n} \n\n#cmsmasters_heading_69e1003b20cce5_66924490 .cmsmasters_heading, #cmsmasters_heading_69e1003b20cce5_66924490 .cmsmasters_heading a { \n\tfont-weight:normal; \n\tfont-style:normal; \n} \n\n#cmsmasters_heading_69e1003b20cce5_66924490 .cmsmasters_heading_divider { \n} \n\n \n#cmsmasters_row_69e1003b20d7e0_49881677 .cmsmasters_row_outer_parent { \n\tpadding-top: 0px; \n} \n\n#cmsmasters_row_69e1003b20d7e0_49881677 .cmsmasters_row_outer_parent { \n\tpadding-bottom: 50px; \n} \n\n \n#cmsmasters_row_69e1003b24e713_41801750 .cmsmasters_row_outer_parent { \n\tpadding-top: 0px; \n} \n\n#cmsmasters_row_69e1003b24e713_41801750 .cmsmasters_row_outer_parent { \n\tpadding-bottom: 50px; \n} \n\n \n#cmsmasters_row_69e1003b282e08_68033343 .cmsmasters_row_outer_parent { \n\tpadding-top: 0px; \n} \n\n#cmsmasters_row_69e1003b282e08_68033343 .cmsmasters_row_outer_parent { \n\tpadding-bottom: 50px; \n} \n\n \n#cmsmasters_row_69e1003b2afe51_90682822 .cmsmasters_row_outer_parent { \n\tpadding-top: 0px; \n} \n\n#cmsmasters_row_69e1003b2afe51_90682822 .cmsmasters_row_outer_parent { \n\tpadding-bottom: 50px; \n} \n\n \n#cmsmasters_row_69e1003b2dbd48_60273753 .cmsmasters_row_outer_parent { \n\tpadding-top: 0px; \n} \n\n#cmsmasters_row_69e1003b2dbd48_60273753 .cmsmasters_row_outer_parent { \n\tpadding-bottom: 50px; \n} \n\n \n#cmsmasters_row_69e1003b2f1db1_96901914 { \n\tbackground-color:#e7e7e7;\n\tbackground-image: url(https:\/\/developresiliency.com\/wp-content\/uploads\/2015\/11\/pattern.png); \n\tbackground-position: top center; \n\tbackground-repeat: repeat; \n\tbackground-attachment: scroll; \n\tbackground-size: auto; \n} \n\n#cmsmasters_row_69e1003b2f1db1_96901914 .cmsmasters_row_outer_parent { \n\tpadding-top: 80px; \n} \n\n#cmsmasters_row_69e1003b2f1db1_96901914 .cmsmasters_row_outer_parent { \n\tpadding-bottom: 90px; \n} \n\n \n#cmsmasters_divider_69e1003b318cd4_18416838 { \n\tborder-bottom-width:0px; \n\tborder-bottom-style:solid; \n\tpadding-top:30px; \n\tmargin-bottom:0px; \n} \n \n#cmsmasters_icon_69e1003b32ed22_30594727 { \n\tdisplay:block; \n\ttext-align:left; } \n\n#cmsmasters_icon_69e1003b32ed22_30594727 .cmsmasters_simple_icon { \n\tborder-width:0px; \n\twidth:36px; \n\theight:36px; \n\tfont-size:32px; \n\tline-height:36px; \n\ttext-align:left; \n\t-webkit-border-radius:50%; \n\tborder-radius:50%; \n\tcolor:#a36f61;} \n \n#cmsmasters_heading_69e1003b330559_49271222 { \n\ttext-align:left; \n\tmargin-top:20px; \n\tmargin-bottom:30px; \n} \n\n#cmsmasters_heading_69e1003b330559_49271222 .cmsmasters_heading { \n\ttext-align:left; \n} \n\n#cmsmasters_heading_69e1003b330559_49271222 .cmsmasters_heading, #cmsmasters_heading_69e1003b330559_49271222 .cmsmasters_heading a { \n\tfont-weight:bold; \n\tfont-style:normal; \n} \n\n#cmsmasters_heading_69e1003b330559_49271222 .cmsmasters_heading_divider { \n} \n\n \n#cmsmasters_icon_69e1003b3333f1_90610979 { \n\tdisplay:block; \n\ttext-align:left; } \n\n#cmsmasters_icon_69e1003b3333f1_90610979 .cmsmasters_simple_icon { \n\tborder-width:0px; \n\twidth:36px; \n\theight:36px; \n\tfont-size:32px; \n\tline-height:36px; \n\ttext-align:left; \n\t-webkit-border-radius:50%; \n\tborder-radius:50%; \n\tcolor:#a36f61;} \n \n#cmsmasters_heading_69e1003b333c84_42536545 { \n\ttext-align:left; \n\tmargin-top:20px; \n\tmargin-bottom:30px; \n} \n\n#cmsmasters_heading_69e1003b333c84_42536545 .cmsmasters_heading { \n\ttext-align:left; \n} \n\n#cmsmasters_heading_69e1003b333c84_42536545 .cmsmasters_heading, #cmsmasters_heading_69e1003b333c84_42536545 .cmsmasters_heading a { \n\tfont-weight:bold; \n\tfont-style:normal; \n} \n\n#cmsmasters_heading_69e1003b333c84_42536545 .cmsmasters_heading_divider { \n} \n\n \n#cmsmasters_icon_69e1003b3364b0_34694111 { \n\tdisplay:block; \n\ttext-align:left; } \n\n#cmsmasters_icon_69e1003b3364b0_34694111 .cmsmasters_simple_icon { \n\tborder-width:0px; \n\twidth:36px; \n\theight:36px; \n\tfont-size:32px; \n\tline-height:36px; \n\ttext-align:left; \n\t-webkit-border-radius:50%; \n\tborder-radius:50%; \n\tcolor:#a36f61;} \n \n#cmsmasters_heading_69e1003b3380e1_38408499 { \n\ttext-align:left; \n\tmargin-top:20px; \n\tmargin-bottom:30px; \n} \n\n#cmsmasters_heading_69e1003b3380e1_38408499 .cmsmasters_heading { \n\ttext-align:left; \n} \n\n#cmsmasters_heading_69e1003b3380e1_38408499 .cmsmasters_heading, #cmsmasters_heading_69e1003b3380e1_38408499 .cmsmasters_heading a { \n\tfont-weight:bold; \n\tfont-style:normal; \n} \n\n#cmsmasters_heading_69e1003b3380e1_38408499 .cmsmasters_heading_divider { \n} \n\n<\/style><div id=\"cmsmasters_row_69e1003b1df340_35656782\" class=\"cmsmasters_row cmsmasters_color_scheme_default cmsmasters_row_top_default cmsmasters_row_bot_default cmsmasters_row_boxed\">\n<div class=\"cmsmasters_row_outer_parent\">\n<div class=\"cmsmasters_row_outer\">\n<div class=\"cmsmasters_row_inner\">\n<div class=\"cmsmasters_row_margin\">\n<div class=\"cmsmasters_column one_half\">\n\n<div id=\"cmsmasters_heading_69e1003b1e7ef2_25617238\" class=\"cmsmasters_heading_wrap cmsmasters_heading_align_left\">\n\t<h1 class=\"cmsmasters_heading\">My story<\/h1>\n<\/div><div class=\"cmsmasters_text\">\n<p class=\"t pg-1m0 pg-1x2 pg-1h3 pg-1yc pg-1ff1 pg-1fs0 pg-1fc2 pg-1sc0 pg-1ls0 pg-1ws0\">My first classroom wasn&#8217;t at school or kindergarten; it was the tense, silent space of a childhood home where the air was often thick with unspoken anger, ready to erupt into frequent arguments. I grew up navigating a landscape without the steady anchor of two mature adult parents, learning early to read subtle shifts in tone and body language &#8211; a survival skill that would later become my profession.<\/p>\n<p class=\"t pg-1m0 pg-1x1 pg-1h3 pg-1yf pg-1ff1 pg-1fs0 pg-1fc2 pg-1sc0 pg-1ls0 pg-1ws0\">To escape the unpredictable atmosphere indoors, I poured my energy outside, finding solace and structure in movement. The track, the pool, the forest \u2014 these were my first safe harbours. My rigorous dedication to athletics and love for languages not only earned me my degree in Sports and English Studies but built a body that was, for a time, a fortress.<\/p>\n<p class=\"t pg-1m0 pg-1x1 pg-1h3 pg-1yf pg-1ff1 pg-1fs0 pg-1fc2 pg-1sc0 pg-1ls0 pg-1ws0\">Later, I translated this early life skill of reading tension into a career as an interpreter. For decades, I lived between two speakers, translating more than words: translating intent, feeling, and toning down the underlying stress of the communication.<\/p>\n<p class=\"t pg-1m0 pg-1x1 pg-1h3 pg-1yf pg-1ff1 pg-1fs0 pg-1fc2 pg-1sc0 pg-1ls0 pg-1ws0\">Meanwhile, while I did my best to raise my two daughters into strong, independent adults and went back to school to earn my Degree in Psychology, my body was keeping its silent score all the while. The decades of inherited, childhood tension, layered with the stress of everyday life and the impact of old sports injuries, created a quiet hum of restriction beneath the surface.<\/p>\n<p class=\"t pg-1m0 pg-1x1 pg-1h3 pg-1yf pg-1ff1 pg-1fs0 pg-1fc2 pg-1sc0 pg-1ls0 pg-1ws0\">Then came the shattering news: multiple myeloma, cancer hidden deep in the bones. The battle that followed wasn&#8217;t a sprint; it was a gruelling, uphill march through a landscape of bodily betrayal. Rounds of punishing chemotherapy and the relentless, deep ache of constant pain.<\/p>\n<p class=\"t pg-1m0 pg-1x1 pg-1h3 pg-1yf pg-1ff1 pg-1fs0 pg-1fc2 pg-1sc0 pg-1ls0 pg-1ws0\">Hard reset, <span class=\"pg-1fc2\">I survived.<\/span><\/p>\n<p class=\"t pg-1m0 pg-1x1 pg-1h3 pg-1yf pg-1ff1 pg-1fs0 pg-1fc2 pg-1sc0 pg-1ls0 pg-1ws0\">It was during the long, aching recovery that I started connecting the dots. <span class=\"pg-1fc0\">The body <\/span>isn&#8217;t just a machine; it&#8217;s an archive. It silently absorbs and holds onto every shock, every fright, every moment of sustained pressure, storing it as restriction and chronic tension, until we start to listen.<\/p>\n<\/div>\n\n<div id=\"cmsmasters_divider_69e1003b1ea2e0_00267818\" class=\"cl\"><\/div>\n<\/div>\n<div class=\"cmsmasters_column one_half\">\n<div class=\"aligncenter\">\n<div class=\"cmsmasters_img  cmsmasters_image_c\">\n<img decoding=\"async\" src=\"https:\/\/developresiliency.com\/wp-content\/uploads\/2025\/12\/katka3-300x283.jpg\" \/>\n<\/div>\n<\/div>\n\n<div id=\"cmsmasters_heading_69e1003b20a2b5_26744132\" class=\"cmsmasters_heading_wrap cmsmasters_heading_align_center\">\n\t<h2 class=\"cmsmasters_heading\">Katar\u00edna Rezn\u00edkov\u00e1<\/h2>\n<\/div>\n<\/div>\n<\/div>\n<\/div>\n<\/div>\n<\/div>\n<\/div>\n<div id=\"cmsmasters_row_69e1003b20b6f6_26612495\" class=\"cmsmasters_row cmsmasters_color_scheme_default cmsmasters_row_top_default cmsmasters_row_bot_default cmsmasters_row_boxed\">\n<div class=\"cmsmasters_row_outer_parent\">\n<div class=\"cmsmasters_row_outer\">\n<div class=\"cmsmasters_row_inner\">\n<div class=\"cmsmasters_row_margin\">\n<div class=\"cmsmasters_column one_first\">\n\n<div id=\"cmsmasters_heading_69e1003b20cce5_66924490\" class=\"cmsmasters_heading_wrap cmsmasters_heading_align_center\">\n\t<h2 class=\"cmsmasters_heading\">Diplomas and Certificates<\/h2>\n<\/div>\n<\/div>\n<\/div>\n<\/div>\n<\/div>\n<\/div>\n<\/div>\n<div id=\"cmsmasters_row_69e1003b20d7e0_49881677\" class=\"cmsmasters_row cmsmasters_color_scheme_default cmsmasters_row_top_default cmsmasters_row_bot_default cmsmasters_row_boxed\">\n<div class=\"cmsmasters_row_outer_parent\">\n<div class=\"cmsmasters_row_outer\">\n<div class=\"cmsmasters_row_inner\">\n<div class=\"cmsmasters_row_margin\">\n<div class=\"cmsmasters_column one_half\">\n<div class=\"cmsmasters_img  cmsmasters_image_n\">\n<a href=\"https:\/\/developresiliency.com\/wp-content\/uploads\/2025\/12\/adler.jpg\" rel=\"ilightbox\"><img decoding=\"async\" src=\"https:\/\/developresiliency.com\/wp-content\/uploads\/2025\/12\/adler-580x375.jpg\" \/><\/a>\n<\/div>\n<\/div>\n<div class=\"cmsmasters_column one_half\">\n<div class=\"cmsmasters_img  cmsmasters_image_n\">\n<a href=\"https:\/\/developresiliency.com\/wp-content\/uploads\/2025\/12\/assyst.jpg\" rel=\"ilightbox\"><img decoding=\"async\" src=\"https:\/\/developresiliency.com\/wp-content\/uploads\/2025\/12\/assyst-580x375.jpg\" \/><\/a>\n<\/div>\n<\/div>\n<\/div>\n<\/div>\n<\/div>\n<\/div>\n<\/div>\n<div id=\"cmsmasters_row_69e1003b24e713_41801750\" class=\"cmsmasters_row cmsmasters_color_scheme_default cmsmasters_row_top_default cmsmasters_row_bot_default cmsmasters_row_boxed\">\n<div class=\"cmsmasters_row_outer_parent\">\n<div class=\"cmsmasters_row_outer\">\n<div class=\"cmsmasters_row_inner\">\n<div class=\"cmsmasters_row_margin\">\n<div class=\"cmsmasters_column one_half\">\n<div class=\"cmsmasters_img  cmsmasters_image_n\">\n<a href=\"https:\/\/developresiliency.com\/wp-content\/uploads\/2025\/12\/emdr.ds_.jpg\" rel=\"ilightbox\"><img decoding=\"async\" src=\"https:\/\/developresiliency.com\/wp-content\/uploads\/2025\/12\/emdr.ds_-580x375.jpg\" \/><\/a>\n<\/div>\n<\/div>\n<div class=\"cmsmasters_column one_half\">\n<div class=\"cmsmasters_img  cmsmasters_image_n\">\n<a href=\"https:\/\/developresiliency.com\/wp-content\/uploads\/2025\/12\/masterEnglish-rotated.jpg\" rel=\"ilightbox\"><img decoding=\"async\" src=\"https:\/\/developresiliency.com\/wp-content\/uploads\/2025\/12\/masterEnglish-580x375.jpg\" \/><\/a>\n<\/div>\n<\/div>\n<\/div>\n<\/div>\n<\/div>\n<\/div>\n<\/div>\n<div id=\"cmsmasters_row_69e1003b282e08_68033343\" class=\"cmsmasters_row cmsmasters_color_scheme_default cmsmasters_row_top_default cmsmasters_row_bot_default cmsmasters_row_boxed\">\n<div class=\"cmsmasters_row_outer_parent\">\n<div class=\"cmsmasters_row_outer\">\n<div class=\"cmsmasters_row_inner\">\n<div class=\"cmsmasters_row_margin\">\n<div class=\"cmsmasters_column one_half\">\n<div class=\"cmsmasters_img  cmsmasters_image_n\">\n<a href=\"https:\/\/developresiliency.com\/wp-content\/uploads\/2025\/12\/masterPsychology.jpg\" rel=\"ilightbox\"><img decoding=\"async\" src=\"https:\/\/developresiliency.com\/wp-content\/uploads\/2025\/12\/masterPsychology-580x375.jpg\" \/><\/a>\n<\/div>\n<\/div>\n<div class=\"cmsmasters_column one_half\">\n<div class=\"cmsmasters_img  cmsmasters_image_n\">\n<a href=\"https:\/\/developresiliency.com\/wp-content\/uploads\/2025\/12\/Certifikate.jpg\" rel=\"ilightbox\"><img decoding=\"async\" src=\"https:\/\/developresiliency.com\/wp-content\/uploads\/2025\/12\/Certifikate-580x375.jpg\" \/><\/a>\n<\/div>\n<\/div>\n<\/div>\n<\/div>\n<\/div>\n<\/div>\n<\/div>\n<div id=\"cmsmasters_row_69e1003b2afe51_90682822\" class=\"cmsmasters_row cmsmasters_color_scheme_default cmsmasters_row_top_default cmsmasters_row_bot_default cmsmasters_row_boxed\">\n<div class=\"cmsmasters_row_outer_parent\">\n<div class=\"cmsmasters_row_outer\">\n<div class=\"cmsmasters_row_inner\">\n<div class=\"cmsmasters_row_margin\">\n<div class=\"cmsmasters_column one_half\">\n<div class=\"cmsmasters_img  cmsmasters_image_n\">\n<a href=\"https:\/\/developresiliency.com\/wp-content\/uploads\/2025\/12\/emdr.d.jpg\" rel=\"ilightbox\"><img decoding=\"async\" src=\"https:\/\/developresiliency.com\/wp-content\/uploads\/2025\/12\/emdr.d-580x375.jpg\" \/><\/a>\n<\/div>\n<\/div>\n<div class=\"cmsmasters_column one_half\">\n<div class=\"cmsmasters_img  cmsmasters_image_n\">\n<a href=\"https:\/\/developresiliency.com\/wp-content\/uploads\/2025\/12\/pary.jpg\" rel=\"ilightbox\"><img decoding=\"async\" src=\"https:\/\/developresiliency.com\/wp-content\/uploads\/2025\/12\/pary-533x375.jpg\" \/><\/a>\n<\/div>\n<\/div>\n<\/div>\n<\/div>\n<\/div>\n<\/div>\n<\/div>\n<div id=\"cmsmasters_row_69e1003b2dbd48_60273753\" class=\"cmsmasters_row cmsmasters_color_scheme_default cmsmasters_row_top_default cmsmasters_row_bot_default cmsmasters_row_boxed\">\n<div class=\"cmsmasters_row_outer_parent\">\n<div class=\"cmsmasters_row_outer\">\n<div class=\"cmsmasters_row_inner\">\n<div class=\"cmsmasters_row_margin\">\n<div class=\"cmsmasters_column one_half\">\n<div class=\"cmsmasters_img  cmsmasters_image_n\">\n<a href=\"https:\/\/developresiliency.com\/wp-content\/uploads\/2026\/03\/certpart.jpg\" rel=\"ilightbox\"><img decoding=\"async\" src=\"https:\/\/developresiliency.com\/wp-content\/uploads\/2026\/03\/certpart-1.jpg\" \/><\/a>\n<\/div>\n<\/div>\n<div class=\"cmsmasters_column one_half\">\n<\/div>\n<\/div>\n<\/div>\n<\/div>\n<\/div>\n<\/div>\n<div id=\"cmsmasters_row_69e1003b2f1db1_96901914\" class=\"cmsmasters_row cmsmasters_color_scheme_default cmsmasters_row_top_default cmsmasters_row_bot_default cmsmasters_row_boxed\">\n<div class=\"cmsmasters_row_outer_parent\">\n<div class=\"cmsmasters_row_outer\">\n<div class=\"cmsmasters_row_inner\">\n<div class=\"cmsmasters_row_margin\">\n<div class=\"cmsmasters_column one_fourth\">\n\n<div id=\"cmsmasters_divider_69e1003b318cd4_18416838\" class=\"cl\"><\/div>\n<div class=\"cmsmasters_img  cmsmasters_image_n\">\n<img decoding=\"async\" src=\"https:\/\/developresiliency.com\/wp-content\/uploads\/2025\/12\/resilience4-min-b-1.png\" \/>\n<\/div>\n<\/div>\n<div class=\"cmsmasters_column one_fourth\">\n\n<div id=\"cmsmasters_icon_69e1003b32ed22_30594727\" class=\"cmsmasters_icon_wrap\"><span class=\"cmsmasters_simple_icon cmsmasters-icon-location-3\"><\/span><\/div>\n\n<div id=\"cmsmasters_heading_69e1003b330559_49271222\" class=\"cmsmasters_heading_wrap cmsmasters_heading_align_left\">\n\t<h2 class=\"cmsmasters_heading\">Adresa<\/h2>\n<\/div><div class=\"cmsmasters_text\">\n<p><span style=\"font-size: 11pt; font-family: droid serif;\"><em>Cukrova 14,<br \/>\nmiestnos\u0165 202 2. poschodie,<br \/>\nBratislava, Star\u00e9 Mesto<\/em><\/span><\/p>\n<p>&nbsp;<\/p>\n<\/div>\n<\/div>\n<div class=\"cmsmasters_column one_fourth\">\n\n<div id=\"cmsmasters_icon_69e1003b3333f1_90610979\" class=\"cmsmasters_icon_wrap\"><span class=\"cmsmasters_simple_icon cmsmasters-icon-time\"><\/span><\/div>\n\n<div id=\"cmsmasters_heading_69e1003b333c84_42536545\" class=\"cmsmasters_heading_wrap cmsmasters_heading_align_left\">\n\t<h2 class=\"cmsmasters_heading\">Dostupnos\u0165<\/h2>\n<\/div><div class=\"cmsmasters_text\">\n<p><span style=\"font-family: droid serif;\"><span style=\"font-size: 14.6667px;\"><i>pod\u013ea dohody<\/i><\/span><\/span><\/p>\n<\/div>\n<\/div>\n<div class=\"cmsmasters_column one_fourth\">\n\n<div id=\"cmsmasters_icon_69e1003b3364b0_34694111\" class=\"cmsmasters_icon_wrap\"><span class=\"cmsmasters_simple_icon cmsmasters-icon-comment-3\"><\/span><\/div>\n\n<div id=\"cmsmasters_heading_69e1003b3380e1_38408499\" class=\"cmsmasters_heading_wrap cmsmasters_heading_align_left\">\n\t<h2 class=\"cmsmasters_heading\">Spojme sa<\/h2>\n<\/div><div class=\"cmsmasters_text\">\n<p><a href=\"tel:+421951421737\"><span style=\"font-size: 11pt; font-family: droid serif;\"><em>+421 951 421 737<\/em><\/span><\/a><br \/>\n<span style=\"font-size: 11pt; font-family: droid serif;\"><em>develop.resiliency@gmail.com<\/em><\/span><\/p>\n<\/div>\n<\/div>\n<\/div>\n<\/div>\n<\/div>\n<\/div>\n<\/div>\n\n","protected":false},"excerpt":{"rendered":"","protected":false},"author":1,"featured_media":0,"parent":0,"menu_order":0,"comment_status":"closed","ping_status":"closed","template":"","meta":{"footnotes":""},"class_list":["post-10832","page","type-page","status-publish","hentry"],"_links":{"self":[{"href":"https:\/\/developresiliency.com\/en\/wp-json\/wp\/v2\/pages\/10832","targetHints":{"allow":["GET"]}}],"collection":[{"href":"https:\/\/developresiliency.com\/en\/wp-json\/wp\/v2\/pages"}],"about":[{"href":"https:\/\/developresiliency.com\/en\/wp-json\/wp\/v2\/types\/page"}],"author":[{"embeddable":true,"href":"https:\/\/developresiliency.com\/en\/wp-json\/wp\/v2\/users\/1"}],"replies":[{"embeddable":true,"href":"https:\/\/developresiliency.com\/en\/wp-json\/wp\/v2\/comments?post=10832"}],"version-history":[{"count":7,"href":"https:\/\/developresiliency.com\/en\/wp-json\/wp\/v2\/pages\/10832\/revisions"}],"predecessor-version":[{"id":10880,"href":"https:\/\/developresiliency.com\/en\/wp-json\/wp\/v2\/pages\/10832\/revisions\/10880"}],"wp:attachment":[{"href":"https:\/\/developresiliency.com\/en\/wp-json\/wp\/v2\/media?parent=10832"}],"curies":[{"name":"wp","href":"https:\/\/api.w.org\/{rel}","templated":true}]}}