{"id":10777,"date":"2015-06-03T08:11:31","date_gmt":"2015-06-03T08:11:31","guid":{"rendered":"https:\/\/developresiliency.com\/moja-ponuka\/"},"modified":"2026-02-28T17:41:44","modified_gmt":"2026-02-28T17:41:44","slug":"mon-offre","status":"publish","type":"page","link":"https:\/\/developresiliency.com\/fr\/mon-offre\/","title":{"rendered":"Mon offre"},"content":{"rendered":"<style type=\"text\/css\"> \n#cmsmasters_row_69e113d8317d69_45202139 { \n\tbackground-color:rgb(245,245,245);\n} \n\n#cmsmasters_row_69e113d8317d69_45202139 .cmsmasters_row_outer_parent { \n\tpadding-top: 50px; \n} \n\n#cmsmasters_row_69e113d8317d69_45202139 .cmsmasters_row_outer_parent { \n\tpadding-bottom: 50px; \n} \n\n \n#cmsmasters_heading_69e113d831a274_46141866 { \n\ttext-align:center; \n\tmargin-top:0px; \n\tmargin-bottom:0px; \n} \n\n#cmsmasters_heading_69e113d831a274_46141866 .cmsmasters_heading { \n\ttext-align:center; \n} \n\n#cmsmasters_heading_69e113d831a274_46141866 .cmsmasters_heading, #cmsmasters_heading_69e113d831a274_46141866 .cmsmasters_heading a { \n\tfont-size:36px; \n\tfont-weight:bold; \n\tfont-style:normal; \n} \n\n#cmsmasters_heading_69e113d831a274_46141866 .cmsmasters_heading_divider { \n} \n\n \n#cmsmasters_row_69e113d831b535_49894999 { \n\tbackground-color:#fdfdfd;\n} \n\n#cmsmasters_row_69e113d831b535_49894999 .cmsmasters_row_outer_parent { \n\tpadding-top: 30px; \n} \n\n#cmsmasters_row_69e113d831b535_49894999 .cmsmasters_row_outer_parent { \n\tpadding-bottom: 0px; \n} \n\n \n#cmsmasters_heading_69e113d831f514_90175013 { \n\ttext-align:left; \n\tmargin-top:0px; \n\tmargin-bottom:20px; \n} \n\n#cmsmasters_heading_69e113d831f514_90175013 .cmsmasters_heading { \n\ttext-align:left; \n} \n\n#cmsmasters_heading_69e113d831f514_90175013 .cmsmasters_heading, #cmsmasters_heading_69e113d831f514_90175013 .cmsmasters_heading a { \n\tfont-weight:normal; \n\tfont-style:normal; \n} \n\n#cmsmasters_heading_69e113d831f514_90175013 .cmsmasters_heading_divider { \n} \n\n \n#cmsmasters_divider_69e113d8320137_20436577 { \n\tborder-bottom-width:1px; \n\tborder-bottom-style:solid; \n\tpadding-top:0px; \n\tmargin-bottom:0px; \n} \n \n#cmsmasters_heading_69e113d8321430_27405109 { \n\ttext-align:left; \n\tmargin-top:0px; \n\tmargin-bottom:20px; \n} \n\n#cmsmasters_heading_69e113d8321430_27405109 .cmsmasters_heading { \n\ttext-align:left; \n} \n\n#cmsmasters_heading_69e113d8321430_27405109 .cmsmasters_heading, #cmsmasters_heading_69e113d8321430_27405109 .cmsmasters_heading a { \n\tfont-weight:normal; \n\tfont-style:normal; \n} \n\n#cmsmasters_heading_69e113d8321430_27405109 .cmsmasters_heading_divider { \n} \n\n \n#cmsmasters_divider_69e113d8321bc2_99560468 { \n\tborder-bottom-width:1px; \n\tborder-bottom-style:solid; \n\tpadding-top:0px; \n\tmargin-bottom:0px; \n} \n \n#cmsmasters_divider_69e113d8322f52_10842848 { \n\tborder-bottom-width:0px; \n\tborder-bottom-style:solid; \n\tpadding-top:0px; \n\tmargin-bottom:30px; \n} \n \n#cmsmasters_heading_69e113d8324b31_63356845 { \n\ttext-align:left; \n\tmargin-top:0px; \n\tmargin-bottom:20px; \n} \n\n#cmsmasters_heading_69e113d8324b31_63356845 .cmsmasters_heading { \n\ttext-align:left; \n} \n\n#cmsmasters_heading_69e113d8324b31_63356845 .cmsmasters_heading, #cmsmasters_heading_69e113d8324b31_63356845 .cmsmasters_heading a { \n\tfont-weight:normal; \n\tfont-style:normal; \n} \n\n#cmsmasters_heading_69e113d8324b31_63356845 .cmsmasters_heading_divider { \n} \n\n \n#cmsmasters_divider_69e113d8325208_90813536 { \n\tborder-bottom-width:1px; \n\tborder-bottom-style:solid; \n\tpadding-top:0px; \n\tmargin-bottom:0px; \n} \n \n#cmsmasters_row_69e113d8326a72_56007420 { \n\tbackground-color:#e7e7e7;\n\tbackground-image: url(https:\/\/developresiliency.com\/wp-content\/uploads\/2015\/11\/pattern.png); \n\tbackground-position: top center; \n\tbackground-repeat: repeat; \n\tbackground-attachment: scroll; \n\tbackground-size: auto; \n} \n\n#cmsmasters_row_69e113d8326a72_56007420 .cmsmasters_row_outer_parent { \n\tpadding-top: 80px; \n} \n\n#cmsmasters_row_69e113d8326a72_56007420 .cmsmasters_row_outer_parent { \n\tpadding-bottom: 90px; \n} \n\n \n#cmsmasters_divider_69e113d83573a4_97218570 { \n\tborder-bottom-width:0px; \n\tborder-bottom-style:solid; \n\tpadding-top:30px; \n\tmargin-bottom:0px; \n} \n \n#cmsmasters_icon_69e113d8388843_79094912 { \n\tdisplay:block; \n\ttext-align:left; } \n\n#cmsmasters_icon_69e113d8388843_79094912 .cmsmasters_simple_icon { \n\tborder-width:0px; \n\twidth:36px; \n\theight:36px; \n\tfont-size:32px; \n\tline-height:36px; \n\ttext-align:left; \n\t-webkit-border-radius:50%; \n\tborder-radius:50%; \n\tcolor:#a36f61;} \n \n#cmsmasters_heading_69e113d83898f6_88921179 { \n\ttext-align:left; \n\tmargin-top:20px; \n\tmargin-bottom:30px; \n} \n\n#cmsmasters_heading_69e113d83898f6_88921179 .cmsmasters_heading { \n\ttext-align:left; \n} \n\n#cmsmasters_heading_69e113d83898f6_88921179 .cmsmasters_heading, #cmsmasters_heading_69e113d83898f6_88921179 .cmsmasters_heading a { \n\tfont-weight:bold; \n\tfont-style:normal; \n} \n\n#cmsmasters_heading_69e113d83898f6_88921179 .cmsmasters_heading_divider { \n} \n\n \n#cmsmasters_icon_69e113d838c840_84030006 { \n\tdisplay:block; \n\ttext-align:left; } \n\n#cmsmasters_icon_69e113d838c840_84030006 .cmsmasters_simple_icon { \n\tborder-width:0px; \n\twidth:36px; \n\theight:36px; \n\tfont-size:32px; \n\tline-height:36px; \n\ttext-align:left; \n\t-webkit-border-radius:50%; \n\tborder-radius:50%; \n\tcolor:#a36f61;} \n \n#cmsmasters_heading_69e113d838d167_58367033 { \n\ttext-align:left; \n\tmargin-top:20px; \n\tmargin-bottom:30px; \n} \n\n#cmsmasters_heading_69e113d838d167_58367033 .cmsmasters_heading { \n\ttext-align:left; \n} \n\n#cmsmasters_heading_69e113d838d167_58367033 .cmsmasters_heading, #cmsmasters_heading_69e113d838d167_58367033 .cmsmasters_heading a { \n\tfont-weight:bold; \n\tfont-style:normal; \n} \n\n#cmsmasters_heading_69e113d838d167_58367033 .cmsmasters_heading_divider { \n} \n\n \n#cmsmasters_icon_69e113d838f944_55508244 { \n\tdisplay:block; \n\ttext-align:left; } \n\n#cmsmasters_icon_69e113d838f944_55508244 .cmsmasters_simple_icon { \n\tborder-width:0px; \n\twidth:36px; \n\theight:36px; \n\tfont-size:32px; \n\tline-height:36px; \n\ttext-align:left; \n\t-webkit-border-radius:50%; \n\tborder-radius:50%; \n\tcolor:#a36f61;} \n \n#cmsmasters_heading_69e113d8390333_89127465 { \n\ttext-align:left; \n\tmargin-top:20px; \n\tmargin-bottom:30px; \n} \n\n#cmsmasters_heading_69e113d8390333_89127465 .cmsmasters_heading { \n\ttext-align:left; \n} \n\n#cmsmasters_heading_69e113d8390333_89127465 .cmsmasters_heading, #cmsmasters_heading_69e113d8390333_89127465 .cmsmasters_heading a { \n\tfont-weight:bold; \n\tfont-style:normal; \n} \n\n#cmsmasters_heading_69e113d8390333_89127465 .cmsmasters_heading_divider { \n} \n\n<\/style><div id=\"cmsmasters_row_69e113d8317d69_45202139\" class=\"cmsmasters_row cmsmasters_color_scheme_default cmsmasters_row_top_default cmsmasters_row_bot_default cmsmasters_row_boxed\">\n<div class=\"cmsmasters_row_outer_parent\">\n<div class=\"cmsmasters_row_outer\">\n<div class=\"cmsmasters_row_inner\">\n<div class=\"cmsmasters_row_margin\">\n<div class=\"cmsmasters_column one_first\">\n\n<div id=\"cmsmasters_heading_69e113d831a274_46141866\" class=\"cmsmasters_heading_wrap cmsmasters_heading_align_center\">\n\t<h1 class=\"cmsmasters_heading\">Mon offre<\/h1>\n<\/div>\n<\/div>\n<\/div>\n<\/div>\n<\/div>\n<\/div>\n<\/div>\n<div id=\"cmsmasters_row_69e113d831b535_49894999\" class=\"cmsmasters_row cmsmasters_color_scheme_default cmsmasters_row_top_default cmsmasters_row_bot_default cmsmasters_row_boxed\">\n<div class=\"cmsmasters_row_outer_parent\">\n<div class=\"cmsmasters_row_outer\">\n<div class=\"cmsmasters_row_inner\">\n<div class=\"cmsmasters_row_margin\">\n<div class=\"cmsmasters_column one_half\">\n\n<div id=\"cmsmasters_heading_69e113d831f514_90175013\" class=\"cmsmasters_heading_wrap cmsmasters_heading_align_left\">\n\t<h2 class=\"cmsmasters_heading\">Lib\u00e9ration myofasciale (massage)<\/h2>\n<\/div>\n\n<div id=\"cmsmasters_divider_69e113d8320137_20436577\" class=\"cmsmasters_divider cmsmasters_divider_width_long cmsmasters_divider_pos_center\"><\/div>\n<div class=\"cmsmasters_text\">\n<p>Une technique de th\u00e9rapie manuelle s\u00fbre, douce et efficace qui vise \u00e0 soulager la douleur et \u00e0 am\u00e9liorer la mobilit\u00e9 en lib\u00e9rant les tensions des tissus conjonctifs qui entourent et soutiennent les muscles. Elle consiste \u00e0 appliquer une pression douce et soutenue sur des zones sp\u00e9cifiques pour rel\u00e2cher les tensions et restaurer la souplesse. Les traumatismes psychologiques ou physiques, les r\u00e9actions inflammatoires et les interventions chirurgicales cr\u00e9ent des tensions myofasciales, qui peuvent exercer des pressions d&rsquo;environ 140 kg\/cm\u00b2 sur les structures sensibles \u00e0 la douleur, pressions qui ne sont pas d\u00e9tect\u00e9es par de nombreux examens standard (radiographies, my\u00e9logrammes, tomodensitom\u00e9trie, \u00e9lectromyographie, etc.). La lib\u00e9ration myofasciale traite le corps et l&rsquo;esprit de mani\u00e8re holistique.<\/p>\n<\/div>\n\n<div id=\"cmsmasters_heading_69e113d8321430_27405109\" class=\"cmsmasters_heading_wrap cmsmasters_heading_align_left\">\n\t<h2 class=\"cmsmasters_heading\">Int\u00e9gration bilat\u00e9rale<\/h2>\n<\/div>\n\n<div id=\"cmsmasters_divider_69e113d8321bc2_99560468\" class=\"cmsmasters_divider cmsmasters_divider_width_long cmsmasters_divider_pos_center\"><\/div>\n<div class=\"cmsmasters_text\">\n<p>Une s\u00e9rie d&rsquo;exercices visant \u00e0 am\u00e9liorer la capacit\u00e9 \u00e0 utiliser les deux c\u00f4t\u00e9s du corps simultan\u00e9ment, de mani\u00e8re coordonn\u00e9e et s\u00e9quentielle. Les exercices comprennent des activit\u00e9s sollicitant les deux c\u00f4t\u00e9s du corps de mani\u00e8re coordonn\u00e9e, am\u00e9liorant la motricit\u00e9, l&rsquo;int\u00e9gration c\u00e9r\u00e9brale, l&rsquo;\u00e9quilibre et la coordination, ainsi que l&rsquo;attention et la concentration. Ce programme est particuli\u00e8rement recommand\u00e9 aux enfants pr\u00e9sentant des difficult\u00e9s de d\u00e9veloppement et d&rsquo;apprentissage, aux personnes neurodivergentes et aux personnes en convalescence.<\/p>\n<\/div>\n\n\n<div id=\"cmsmasters_divider_69e113d8322f52_10842848\" class=\"cl\"><\/div>\n<\/div>\n<div class=\"cmsmasters_column one_half\">\n\n<div id=\"cmsmasters_heading_69e113d8324b31_63356845\" class=\"cmsmasters_heading_wrap cmsmasters_heading_align_left\">\n\t<h2 class=\"cmsmasters_heading\">Consultation individuelle<\/h2>\n<\/div>\n\n<div id=\"cmsmasters_divider_69e113d8325208_90813536\" class=\"cmsmasters_divider cmsmasters_divider_width_long cmsmasters_divider_pos_center\"><\/div>\n<div class=\"cmsmasters_text\">\n<p>S\u00e9rie de s\u00e9ances guid\u00e9es aidant \u00e0 lib\u00e9rer les sch\u00e9mas profonds de tension et de restriction des fascias, des muscles et du syst\u00e8me nerveux. Une combinaison de m\u00e9thodes ax\u00e9es sur le travail du corps et de l&rsquo;esprit, indissociables. Approche individualis\u00e9e combinant des outils de retraitement de la m\u00e9moire, du travail corporel, de la respiration, de la lib\u00e9ration myofasciale, du massage des tissus mous et de l&rsquo;int\u00e9gration bilat\u00e9rale. J&rsquo;appr\u00e9cie travailler avec des personnes issues de communaut\u00e9s diverses et je parle anglais et fran\u00e7ais.<\/p>\n<\/div>\n<\/div>\n<\/div>\n<\/div>\n<\/div>\n<\/div>\n<\/div>\n<div id=\"cmsmasters_row_69e113d8326a72_56007420\" class=\"cmsmasters_row cmsmasters_color_scheme_default cmsmasters_row_top_default cmsmasters_row_bot_default cmsmasters_row_boxed\">\n<div class=\"cmsmasters_row_outer_parent\">\n<div class=\"cmsmasters_row_outer\">\n<div class=\"cmsmasters_row_inner\">\n<div class=\"cmsmasters_row_margin\">\n<div class=\"cmsmasters_column one_fourth\">\n\n<div id=\"cmsmasters_divider_69e113d83573a4_97218570\" class=\"cl\"><\/div>\n<div class=\"cmsmasters_img  cmsmasters_image_n\">\n<img decoding=\"async\" src=\"https:\/\/developresiliency.com\/wp-content\/uploads\/2025\/12\/resilience4-min-b-1.png\" \/>\n<\/div>\n<\/div>\n<div class=\"cmsmasters_column one_fourth\">\n\n<div id=\"cmsmasters_icon_69e113d8388843_79094912\" class=\"cmsmasters_icon_wrap\"><span class=\"cmsmasters_simple_icon cmsmasters-icon-location-3\"><\/span><\/div>\n\n<div id=\"cmsmasters_heading_69e113d83898f6_88921179\" class=\"cmsmasters_heading_wrap cmsmasters_heading_align_left\">\n\t<h2 class=\"cmsmasters_heading\">Adresa<\/h2>\n<\/div><div class=\"cmsmasters_text\">\n<p><span style=\"font-size: 11pt; font-family: droid serif;\"><em>Cukrova 14,<br \/>\nmiestnos\u0165 202 2. poschodie,<br \/>\nBratislava, Star\u00e9 Mesto<\/em><\/span><\/p>\n<p>&nbsp;<\/p>\n<\/div>\n<\/div>\n<div class=\"cmsmasters_column one_fourth\">\n\n<div id=\"cmsmasters_icon_69e113d838c840_84030006\" class=\"cmsmasters_icon_wrap\"><span class=\"cmsmasters_simple_icon cmsmasters-icon-time\"><\/span><\/div>\n\n<div id=\"cmsmasters_heading_69e113d838d167_58367033\" class=\"cmsmasters_heading_wrap cmsmasters_heading_align_left\">\n\t<h2 class=\"cmsmasters_heading\">Dostupnos\u0165<\/h2>\n<\/div><div class=\"cmsmasters_text\">\n<p><span style=\"font-family: droid serif;\"><span style=\"font-size: 14.6667px;\"><i>pod\u013ea dohody<\/i><\/span><\/span><\/p>\n<\/div>\n<\/div>\n<div class=\"cmsmasters_column one_fourth\">\n\n<div id=\"cmsmasters_icon_69e113d838f944_55508244\" class=\"cmsmasters_icon_wrap\"><span class=\"cmsmasters_simple_icon cmsmasters-icon-comment-3\"><\/span><\/div>\n\n<div id=\"cmsmasters_heading_69e113d8390333_89127465\" class=\"cmsmasters_heading_wrap cmsmasters_heading_align_left\">\n\t<h2 class=\"cmsmasters_heading\">Spojme sa<\/h2>\n<\/div><div class=\"cmsmasters_text\">\n<p><a href=\"tel:+421951421737\"><span style=\"font-size: 11pt; font-family: droid serif;\"><em>+421 951 421 737<\/em><\/span><\/a><br \/>\n<span style=\"font-size: 11pt; font-family: droid serif;\"><em>develop.resiliency@gmail.com<\/em><\/span><\/p>\n<\/div>\n<\/div>\n<\/div>\n<\/div>\n<\/div>\n<\/div>\n<\/div>\n\n","protected":false},"excerpt":{"rendered":"","protected":false},"author":1,"featured_media":0,"parent":0,"menu_order":0,"comment_status":"closed","ping_status":"closed","template":"","meta":{"footnotes":""},"class_list":["post-10777","page","type-page","status-publish","hentry"],"_links":{"self":[{"href":"https:\/\/developresiliency.com\/fr\/wp-json\/wp\/v2\/pages\/10777","targetHints":{"allow":["GET"]}}],"collection":[{"href":"https:\/\/developresiliency.com\/fr\/wp-json\/wp\/v2\/pages"}],"about":[{"href":"https:\/\/developresiliency.com\/fr\/wp-json\/wp\/v2\/types\/page"}],"author":[{"embeddable":true,"href":"https:\/\/developresiliency.com\/fr\/wp-json\/wp\/v2\/users\/1"}],"replies":[{"embeddable":true,"href":"https:\/\/developresiliency.com\/fr\/wp-json\/wp\/v2\/comments?post=10777"}],"version-history":[{"count":2,"href":"https:\/\/developresiliency.com\/fr\/wp-json\/wp\/v2\/pages\/10777\/revisions"}],"predecessor-version":[{"id":10867,"href":"https:\/\/developresiliency.com\/fr\/wp-json\/wp\/v2\/pages\/10777\/revisions\/10867"}],"wp:attachment":[{"href":"https:\/\/developresiliency.com\/fr\/wp-json\/wp\/v2\/media?parent=10777"}],"curies":[{"name":"wp","href":"https:\/\/api.w.org\/{rel}","templated":true}]}}