{"id":10779,"date":"2015-04-20T11:50:56","date_gmt":"2015-04-20T11:50:56","guid":{"rendered":"https:\/\/developresiliency.com\/o-mne\/"},"modified":"2026-03-11T23:06:14","modified_gmt":"2026-03-11T23:06:14","slug":"mon-histoire","status":"publish","type":"page","link":"https:\/\/developresiliency.com\/fr\/mon-histoire\/","title":{"rendered":"Mon histoire"},"content":{"rendered":"<style type=\"text\/css\"> \n#cmsmasters_row_69e1000225c395_39662156 .cmsmasters_row_outer_parent { \n\tpadding-top: 60px; \n} \n\n#cmsmasters_row_69e1000225c395_39662156 .cmsmasters_row_outer_parent { \n\tpadding-bottom: 0px; \n} \n\n \n#cmsmasters_heading_69e1000225f244_47600416 { \n\ttext-align:left; \n\tmargin-top:0px; \n\tmargin-bottom:30px; \n} \n\n#cmsmasters_heading_69e1000225f244_47600416 .cmsmasters_heading { \n\ttext-align:left; \n} \n\n#cmsmasters_heading_69e1000225f244_47600416 .cmsmasters_heading, #cmsmasters_heading_69e1000225f244_47600416 .cmsmasters_heading a { \n\tfont-size:36px; \n\tfont-weight:800; \n\tfont-style:normal; \n} \n\n#cmsmasters_heading_69e1000225f244_47600416 .cmsmasters_heading_divider { \n} \n\n \n#cmsmasters_divider_69e10002261745_89957976 { \n\tborder-bottom-width:0px; \n\tborder-bottom-style:solid; \n\tpadding-top:0px; \n\tmargin-bottom:50px; \n} \n \n#cmsmasters_heading_69e1000227ea19_70499761 { \n\ttext-align:center; \n\tmargin-top:0px; \n\tmargin-bottom:20px; \n} \n\n#cmsmasters_heading_69e1000227ea19_70499761 .cmsmasters_heading { \n\ttext-align:center; \n} \n\n#cmsmasters_heading_69e1000227ea19_70499761 .cmsmasters_heading, #cmsmasters_heading_69e1000227ea19_70499761 .cmsmasters_heading a { \n\tfont-weight:normal; \n\tfont-style:normal; \n} \n\n#cmsmasters_heading_69e1000227ea19_70499761 .cmsmasters_heading_divider { \n} \n\n \n#cmsmasters_row_69e1000227fa41_50414504 .cmsmasters_row_outer_parent { \n\tpadding-top: 0px; \n} \n\n#cmsmasters_row_69e1000227fa41_50414504 .cmsmasters_row_outer_parent { \n\tpadding-bottom: 60px; \n} \n\n \n#cmsmasters_heading_69e10002280d42_71048345 { \n\ttext-align:center; \n\tmargin-top:0px; \n\tmargin-bottom:20px; \n} \n\n#cmsmasters_heading_69e10002280d42_71048345 .cmsmasters_heading { \n\ttext-align:center; \n} \n\n#cmsmasters_heading_69e10002280d42_71048345 .cmsmasters_heading, #cmsmasters_heading_69e10002280d42_71048345 .cmsmasters_heading a { \n\tfont-weight:normal; \n\tfont-style:normal; \n} \n\n#cmsmasters_heading_69e10002280d42_71048345 .cmsmasters_heading_divider { \n} \n\n \n#cmsmasters_row_69e10002281661_92918532 .cmsmasters_row_outer_parent { \n\tpadding-top: 0px; \n} \n\n#cmsmasters_row_69e10002281661_92918532 .cmsmasters_row_outer_parent { \n\tpadding-bottom: 50px; \n} \n\n \n#cmsmasters_row_69e100022a67f4_05426877 .cmsmasters_row_outer_parent { \n\tpadding-top: 0px; \n} \n\n#cmsmasters_row_69e100022a67f4_05426877 .cmsmasters_row_outer_parent { \n\tpadding-bottom: 50px; \n} \n\n \n#cmsmasters_row_69e100022d65c9_75486593 .cmsmasters_row_outer_parent { \n\tpadding-top: 0px; \n} \n\n#cmsmasters_row_69e100022d65c9_75486593 .cmsmasters_row_outer_parent { \n\tpadding-bottom: 50px; \n} \n\n \n#cmsmasters_row_69e100023060a0_84282196 .cmsmasters_row_outer_parent { \n\tpadding-top: 0px; \n} \n\n#cmsmasters_row_69e100023060a0_84282196 .cmsmasters_row_outer_parent { \n\tpadding-bottom: 50px; \n} \n\n \n#cmsmasters_row_69e10002322734_91005798 .cmsmasters_row_outer_parent { \n\tpadding-top: 0px; \n} \n\n#cmsmasters_row_69e10002322734_91005798 .cmsmasters_row_outer_parent { \n\tpadding-bottom: 50px; \n} \n\n \n#cmsmasters_row_69e10002332722_11808713 { \n\tbackground-color:#e7e7e7;\n\tbackground-image: url(https:\/\/developresiliency.com\/wp-content\/uploads\/2015\/11\/pattern.png); \n\tbackground-position: top center; \n\tbackground-repeat: repeat; \n\tbackground-attachment: scroll; \n\tbackground-size: auto; \n} \n\n#cmsmasters_row_69e10002332722_11808713 .cmsmasters_row_outer_parent { \n\tpadding-top: 80px; \n} \n\n#cmsmasters_row_69e10002332722_11808713 .cmsmasters_row_outer_parent { \n\tpadding-bottom: 90px; \n} \n\n \n#cmsmasters_divider_69e10002343900_29966482 { \n\tborder-bottom-width:0px; \n\tborder-bottom-style:solid; \n\tpadding-top:30px; \n\tmargin-bottom:0px; \n} \n \n#cmsmasters_icon_69e10002361993_58589076 { \n\tdisplay:block; \n\ttext-align:left; } \n\n#cmsmasters_icon_69e10002361993_58589076 .cmsmasters_simple_icon { \n\tborder-width:0px; \n\twidth:36px; \n\theight:36px; \n\tfont-size:32px; \n\tline-height:36px; \n\ttext-align:left; \n\t-webkit-border-radius:50%; \n\tborder-radius:50%; \n\tcolor:#a36f61;} \n \n#cmsmasters_heading_69e10002362610_18419194 { \n\ttext-align:left; \n\tmargin-top:20px; \n\tmargin-bottom:30px; \n} \n\n#cmsmasters_heading_69e10002362610_18419194 .cmsmasters_heading { \n\ttext-align:left; \n} \n\n#cmsmasters_heading_69e10002362610_18419194 .cmsmasters_heading, #cmsmasters_heading_69e10002362610_18419194 .cmsmasters_heading a { \n\tfont-weight:bold; \n\tfont-style:normal; \n} \n\n#cmsmasters_heading_69e10002362610_18419194 .cmsmasters_heading_divider { \n} \n\n \n#cmsmasters_icon_69e10002364e68_37897914 { \n\tdisplay:block; \n\ttext-align:left; } \n\n#cmsmasters_icon_69e10002364e68_37897914 .cmsmasters_simple_icon { \n\tborder-width:0px; \n\twidth:36px; \n\theight:36px; \n\tfont-size:32px; \n\tline-height:36px; \n\ttext-align:left; \n\t-webkit-border-radius:50%; \n\tborder-radius:50%; \n\tcolor:#a36f61;} \n \n#cmsmasters_heading_69e100023656c4_04022680 { \n\ttext-align:left; \n\tmargin-top:20px; \n\tmargin-bottom:30px; \n} \n\n#cmsmasters_heading_69e100023656c4_04022680 .cmsmasters_heading { \n\ttext-align:left; \n} \n\n#cmsmasters_heading_69e100023656c4_04022680 .cmsmasters_heading, #cmsmasters_heading_69e100023656c4_04022680 .cmsmasters_heading a { \n\tfont-weight:bold; \n\tfont-style:normal; \n} \n\n#cmsmasters_heading_69e100023656c4_04022680 .cmsmasters_heading_divider { \n} \n\n \n#cmsmasters_icon_69e10002367db4_60396192 { \n\tdisplay:block; \n\ttext-align:left; } \n\n#cmsmasters_icon_69e10002367db4_60396192 .cmsmasters_simple_icon { \n\tborder-width:0px; \n\twidth:36px; \n\theight:36px; \n\tfont-size:32px; \n\tline-height:36px; \n\ttext-align:left; \n\t-webkit-border-radius:50%; \n\tborder-radius:50%; \n\tcolor:#a36f61;} \n \n#cmsmasters_heading_69e10002368824_55163230 { \n\ttext-align:left; \n\tmargin-top:20px; \n\tmargin-bottom:30px; \n} \n\n#cmsmasters_heading_69e10002368824_55163230 .cmsmasters_heading { \n\ttext-align:left; \n} \n\n#cmsmasters_heading_69e10002368824_55163230 .cmsmasters_heading, #cmsmasters_heading_69e10002368824_55163230 .cmsmasters_heading a { \n\tfont-weight:bold; \n\tfont-style:normal; \n} \n\n#cmsmasters_heading_69e10002368824_55163230 .cmsmasters_heading_divider { \n} \n\n<\/style><div id=\"cmsmasters_row_69e1000225c395_39662156\" class=\"cmsmasters_row cmsmasters_color_scheme_default cmsmasters_row_top_default cmsmasters_row_bot_default cmsmasters_row_boxed\">\n<div class=\"cmsmasters_row_outer_parent\">\n<div class=\"cmsmasters_row_outer\">\n<div class=\"cmsmasters_row_inner\">\n<div class=\"cmsmasters_row_margin\">\n<div class=\"cmsmasters_column one_half\">\n\n<div id=\"cmsmasters_heading_69e1000225f244_47600416\" class=\"cmsmasters_heading_wrap cmsmasters_heading_align_left\">\n\t<h1 class=\"cmsmasters_heading\">Mon histoire<\/h1>\n<\/div><div class=\"cmsmasters_text\">\n<p>Ma premi\u00e8re salle de classe n&rsquo;\u00e9tait ni \u00e0 l&rsquo;\u00e9cole ni \u00e0 la maternelle; c&rsquo;\u00e9tait l&rsquo;espace tendu et silencieux d&rsquo;une maison o\u00f9 l&rsquo;atmosph\u00e8re \u00e9tait souvent charg\u00e9e de col\u00e8re inexprim\u00e9e, pr\u00eate \u00e0 \u00e9clater en disputes fr\u00e9quentes. J&rsquo;ai grandi sans l&rsquo;ancrage stable de deux parents adultes et matures, apprenant tr\u00e8s t\u00f4t \u00e0 d\u00e9chiffrer les subtils changements de ton et de langage corporel \u2013 une comp\u00e9tence de survie qui allait devenir mon m\u00e9tier.<\/p>\n<p>Pour \u00e9chapper \u00e0 l&rsquo;atmosph\u00e8re impr\u00e9visible de mon int\u00e9rieur, je d\u00e9versais mon \u00e9nergie \u00e0 l&rsquo;ext\u00e9rieur, trouvant r\u00e9confort et structure dans le mouvement. La piste, la piscine, la for\u00eat \u2014 tels furent mes premiers refuges. Mon d\u00e9vouement rigoureux au sport et mon amour des langues m&rsquo;ont non seulement valu mon dipl\u00f4me d&rsquo;\u00e9tudes sportives et anglaises, mais m&rsquo;ont aussi forg\u00e9 un corps qui fut, pendant un temps, une v\u00e9ritable forteresse.<\/p>\n<p>Plus tard, j&rsquo;ai transpos\u00e9 cette aptitude pr\u00e9coce \u00e0 d\u00e9crypter la tension dans une carri\u00e8re d&rsquo;interpr\u00e8te. Pendant des d\u00e9cennies, j&rsquo;ai v\u00e9cu entre deux interlocuteurs, traduisant plus que des mots: l&rsquo;intention, le sentiment et le stress sous-jacent de la communication. Pendant ce temps, tandis que je faisais de mon mieux pour \u00e9lever mes deux filles comme des adultes fortes et ind\u00e9pendantes et que je retournais \u00e0 l&rsquo;\u00e9cole pour obtenir mon dipl\u00f4me de psychologie, mon corps marquait silencieusement ses scores. Les d\u00e9cennies de tensions h\u00e9rit\u00e9es de l&rsquo;enfance, m\u00eal\u00e9es au stress du quotidien et aux cons\u00e9quences de vieilles blessures sportives, cr\u00e9aient un l\u00e9ger bourdonnement de restriction sous-jacent.<\/p>\n<p>Puis la nouvelle bouleversante est arriv\u00e9e: le my\u00e9lome multiple, un cancer profond\u00e9ment ancr\u00e9 dans les os.<\/p>\n<p>Le combat qui a suivi n&rsquo;a pas \u00e9t\u00e9 un sprint; c&rsquo;\u00e9tait une marche \u00e9puisante et ardue \u00e0 travers un paysage de trahisons corporelles. Des cycles de chimioth\u00e9rapie \u00e9prouvants et une douleur profonde et persistante.<\/p>\n<p>J&rsquo;ai surv\u00e9cu.<\/p>\n<p>C&rsquo;est pendant cette longue et p\u00e9nible convalescence que j&rsquo;ai commenc\u00e9 \u00e0 comprendre. Le corps n&rsquo;est pas qu&rsquo;une machine; c&rsquo;est une archive. Il absorbe et retient silencieusement chaque choc, chaque frayeur, chaque instant de pression soutenue, les enregistrant sous forme de restriction et de tension chronique.<\/p>\n<\/div>\n\n<div id=\"cmsmasters_divider_69e10002261745_89957976\" class=\"cl\"><\/div>\n<\/div>\n<div class=\"cmsmasters_column one_half\">\n<div class=\"aligncenter\">\n<div class=\"cmsmasters_img  cmsmasters_image_c\">\n<img decoding=\"async\" src=\"https:\/\/developresiliency.com\/wp-content\/uploads\/2025\/12\/katka3-300x283.jpg\" \/>\n<\/div>\n<\/div>\n\n<div id=\"cmsmasters_heading_69e1000227ea19_70499761\" class=\"cmsmasters_heading_wrap cmsmasters_heading_align_center\">\n\t<h2 class=\"cmsmasters_heading\">Katar\u00edna Rezn\u00edkov\u00e1<\/h2>\n<\/div>\n<\/div>\n<\/div>\n<\/div>\n<\/div>\n<\/div>\n<\/div>\n<div id=\"cmsmasters_row_69e1000227fa41_50414504\" class=\"cmsmasters_row cmsmasters_color_scheme_default cmsmasters_row_top_default cmsmasters_row_bot_default cmsmasters_row_boxed\">\n<div class=\"cmsmasters_row_outer_parent\">\n<div class=\"cmsmasters_row_outer\">\n<div class=\"cmsmasters_row_inner\">\n<div class=\"cmsmasters_row_margin\">\n<div class=\"cmsmasters_column one_first\">\n\n<div id=\"cmsmasters_heading_69e10002280d42_71048345\" class=\"cmsmasters_heading_wrap cmsmasters_heading_align_center\">\n\t<h2 class=\"cmsmasters_heading\">Les dipl\u00f4mes et certificats<\/h2>\n<\/div>\n<\/div>\n<\/div>\n<\/div>\n<\/div>\n<\/div>\n<\/div>\n<div id=\"cmsmasters_row_69e10002281661_92918532\" class=\"cmsmasters_row cmsmasters_color_scheme_default cmsmasters_row_top_default cmsmasters_row_bot_default cmsmasters_row_boxed\">\n<div class=\"cmsmasters_row_outer_parent\">\n<div class=\"cmsmasters_row_outer\">\n<div class=\"cmsmasters_row_inner\">\n<div class=\"cmsmasters_row_margin\">\n<div class=\"cmsmasters_column one_half\">\n<div class=\"cmsmasters_img  cmsmasters_image_n\">\n<a href=\"https:\/\/developresiliency.com\/wp-content\/uploads\/2025\/12\/adler.jpg\" rel=\"ilightbox\"><img decoding=\"async\" src=\"https:\/\/developresiliency.com\/wp-content\/uploads\/2025\/12\/adler-580x375.jpg\" \/><\/a>\n<\/div>\n<\/div>\n<div class=\"cmsmasters_column one_half\">\n<div class=\"cmsmasters_img  cmsmasters_image_n\">\n<a href=\"https:\/\/developresiliency.com\/wp-content\/uploads\/2025\/12\/assyst.jpg\" rel=\"ilightbox\"><img decoding=\"async\" src=\"https:\/\/developresiliency.com\/wp-content\/uploads\/2025\/12\/assyst-580x375.jpg\" \/><\/a>\n<\/div>\n<\/div>\n<\/div>\n<\/div>\n<\/div>\n<\/div>\n<\/div>\n<div id=\"cmsmasters_row_69e100022a67f4_05426877\" class=\"cmsmasters_row cmsmasters_color_scheme_default cmsmasters_row_top_default cmsmasters_row_bot_default cmsmasters_row_boxed\">\n<div class=\"cmsmasters_row_outer_parent\">\n<div class=\"cmsmasters_row_outer\">\n<div class=\"cmsmasters_row_inner\">\n<div class=\"cmsmasters_row_margin\">\n<div class=\"cmsmasters_column one_half\">\n<div class=\"cmsmasters_img  cmsmasters_image_n\">\n<a href=\"https:\/\/developresiliency.com\/wp-content\/uploads\/2025\/12\/emdr.ds_.jpg\" rel=\"ilightbox\"><img decoding=\"async\" src=\"https:\/\/developresiliency.com\/wp-content\/uploads\/2025\/12\/emdr.ds_-580x375.jpg\" \/><\/a>\n<\/div>\n<\/div>\n<div class=\"cmsmasters_column one_half\">\n<div class=\"cmsmasters_img  cmsmasters_image_n\">\n<a href=\"https:\/\/developresiliency.com\/wp-content\/uploads\/2025\/12\/masterEnglish-rotated.jpg\" rel=\"ilightbox\"><img decoding=\"async\" src=\"https:\/\/developresiliency.com\/wp-content\/uploads\/2025\/12\/masterEnglish-580x375.jpg\" \/><\/a>\n<\/div>\n<\/div>\n<\/div>\n<\/div>\n<\/div>\n<\/div>\n<\/div>\n<div id=\"cmsmasters_row_69e100022d65c9_75486593\" class=\"cmsmasters_row cmsmasters_color_scheme_default cmsmasters_row_top_default cmsmasters_row_bot_default cmsmasters_row_boxed\">\n<div class=\"cmsmasters_row_outer_parent\">\n<div class=\"cmsmasters_row_outer\">\n<div class=\"cmsmasters_row_inner\">\n<div class=\"cmsmasters_row_margin\">\n<div class=\"cmsmasters_column one_half\">\n<div class=\"cmsmasters_img  cmsmasters_image_n\">\n<a href=\"https:\/\/developresiliency.com\/wp-content\/uploads\/2025\/12\/masterPsychology.jpg\" rel=\"ilightbox\"><img decoding=\"async\" src=\"https:\/\/developresiliency.com\/wp-content\/uploads\/2025\/12\/masterPsychology-580x375.jpg\" \/><\/a>\n<\/div>\n<\/div>\n<div class=\"cmsmasters_column one_half\">\n<div class=\"cmsmasters_img  cmsmasters_image_n\">\n<a href=\"https:\/\/developresiliency.com\/wp-content\/uploads\/2025\/12\/Certifikate.jpg\" rel=\"ilightbox\"><img decoding=\"async\" src=\"https:\/\/developresiliency.com\/wp-content\/uploads\/2025\/12\/Certifikate-580x375.jpg\" \/><\/a>\n<\/div>\n<\/div>\n<\/div>\n<\/div>\n<\/div>\n<\/div>\n<\/div>\n<div id=\"cmsmasters_row_69e100023060a0_84282196\" class=\"cmsmasters_row cmsmasters_color_scheme_default cmsmasters_row_top_default cmsmasters_row_bot_default cmsmasters_row_boxed\">\n<div class=\"cmsmasters_row_outer_parent\">\n<div class=\"cmsmasters_row_outer\">\n<div class=\"cmsmasters_row_inner\">\n<div class=\"cmsmasters_row_margin\">\n<div class=\"cmsmasters_column one_half\">\n<div class=\"cmsmasters_img  cmsmasters_image_n\">\n<a href=\"https:\/\/developresiliency.com\/wp-content\/uploads\/2025\/12\/emdr.d.jpg\" rel=\"ilightbox\"><img decoding=\"async\" src=\"https:\/\/developresiliency.com\/wp-content\/uploads\/2025\/12\/emdr.d-580x375.jpg\" \/><\/a>\n<\/div>\n<\/div>\n<div class=\"cmsmasters_column one_half\">\n<div class=\"cmsmasters_img  cmsmasters_image_n\">\n<a href=\"https:\/\/developresiliency.com\/wp-content\/uploads\/2025\/12\/pary.jpg\" rel=\"ilightbox\"><img decoding=\"async\" src=\"https:\/\/developresiliency.com\/wp-content\/uploads\/2025\/12\/pary-533x375.jpg\" \/><\/a>\n<\/div>\n<\/div>\n<\/div>\n<\/div>\n<\/div>\n<\/div>\n<\/div>\n<div id=\"cmsmasters_row_69e10002322734_91005798\" class=\"cmsmasters_row cmsmasters_color_scheme_default cmsmasters_row_top_default cmsmasters_row_bot_default cmsmasters_row_boxed\">\n<div class=\"cmsmasters_row_outer_parent\">\n<div class=\"cmsmasters_row_outer\">\n<div class=\"cmsmasters_row_inner\">\n<div class=\"cmsmasters_row_margin\">\n<div class=\"cmsmasters_column one_half\">\n<div class=\"cmsmasters_img  cmsmasters_image_n\">\n<a href=\"https:\/\/developresiliency.com\/wp-content\/uploads\/2026\/03\/certpart.jpg\" rel=\"ilightbox\"><img decoding=\"async\" src=\"https:\/\/developresiliency.com\/wp-content\/uploads\/2026\/03\/certpart-2.jpg\" \/><\/a>\n<\/div>\n<\/div>\n<div class=\"cmsmasters_column one_half\">\n<\/div>\n<\/div>\n<\/div>\n<\/div>\n<\/div>\n<\/div>\n<div id=\"cmsmasters_row_69e10002332722_11808713\" class=\"cmsmasters_row cmsmasters_color_scheme_default cmsmasters_row_top_default cmsmasters_row_bot_default cmsmasters_row_boxed\">\n<div class=\"cmsmasters_row_outer_parent\">\n<div class=\"cmsmasters_row_outer\">\n<div class=\"cmsmasters_row_inner\">\n<div class=\"cmsmasters_row_margin\">\n<div class=\"cmsmasters_column one_fourth\">\n\n<div id=\"cmsmasters_divider_69e10002343900_29966482\" class=\"cl\"><\/div>\n<div class=\"cmsmasters_img  cmsmasters_image_n\">\n<img decoding=\"async\" src=\"https:\/\/developresiliency.com\/wp-content\/uploads\/2025\/12\/resilience4-min-b-1.png\" \/>\n<\/div>\n<\/div>\n<div class=\"cmsmasters_column one_fourth\">\n\n<div id=\"cmsmasters_icon_69e10002361993_58589076\" class=\"cmsmasters_icon_wrap\"><span class=\"cmsmasters_simple_icon cmsmasters-icon-location-3\"><\/span><\/div>\n\n<div id=\"cmsmasters_heading_69e10002362610_18419194\" class=\"cmsmasters_heading_wrap cmsmasters_heading_align_left\">\n\t<h2 class=\"cmsmasters_heading\">Adresa<\/h2>\n<\/div><div class=\"cmsmasters_text\">\n<p><span style=\"font-size: 11pt; font-family: droid serif;\"><em>Cukrova 14,<br \/>\nmiestnos\u0165 202 2. poschodie,<br \/>\nBratislava, Star\u00e9 Mesto<\/em><\/span><\/p>\n<p>&nbsp;<\/p>\n<\/div>\n<\/div>\n<div class=\"cmsmasters_column one_fourth\">\n\n<div id=\"cmsmasters_icon_69e10002364e68_37897914\" class=\"cmsmasters_icon_wrap\"><span class=\"cmsmasters_simple_icon cmsmasters-icon-time\"><\/span><\/div>\n\n<div id=\"cmsmasters_heading_69e100023656c4_04022680\" class=\"cmsmasters_heading_wrap cmsmasters_heading_align_left\">\n\t<h2 class=\"cmsmasters_heading\">Dostupnos\u0165<\/h2>\n<\/div><div class=\"cmsmasters_text\">\n<p><span style=\"font-family: droid serif;\"><span style=\"font-size: 14.6667px;\"><i>pod\u013ea dohody<\/i><\/span><\/span><\/p>\n<\/div>\n<\/div>\n<div class=\"cmsmasters_column one_fourth\">\n\n<div id=\"cmsmasters_icon_69e10002367db4_60396192\" class=\"cmsmasters_icon_wrap\"><span class=\"cmsmasters_simple_icon cmsmasters-icon-comment-3\"><\/span><\/div>\n\n<div id=\"cmsmasters_heading_69e10002368824_55163230\" class=\"cmsmasters_heading_wrap cmsmasters_heading_align_left\">\n\t<h2 class=\"cmsmasters_heading\">Spojme sa<\/h2>\n<\/div><div class=\"cmsmasters_text\">\n<p><a href=\"tel:+421951421737\"><span style=\"font-size: 11pt; font-family: droid serif;\"><em>+421 951 421 737<\/em><\/span><\/a><br \/>\n<span style=\"font-size: 11pt; font-family: droid serif;\"><em>develop.resiliency@gmail.com<\/em><\/span><\/p>\n<\/div>\n<\/div>\n<\/div>\n<\/div>\n<\/div>\n<\/div>\n<\/div>\n\n","protected":false},"excerpt":{"rendered":"","protected":false},"author":1,"featured_media":0,"parent":0,"menu_order":0,"comment_status":"closed","ping_status":"closed","template":"","meta":{"footnotes":""},"class_list":["post-10779","page","type-page","status-publish","hentry"],"_links":{"self":[{"href":"https:\/\/developresiliency.com\/fr\/wp-json\/wp\/v2\/pages\/10779","targetHints":{"allow":["GET"]}}],"collection":[{"href":"https:\/\/developresiliency.com\/fr\/wp-json\/wp\/v2\/pages"}],"about":[{"href":"https:\/\/developresiliency.com\/fr\/wp-json\/wp\/v2\/types\/page"}],"author":[{"embeddable":true,"href":"https:\/\/developresiliency.com\/fr\/wp-json\/wp\/v2\/users\/1"}],"replies":[{"embeddable":true,"href":"https:\/\/developresiliency.com\/fr\/wp-json\/wp\/v2\/comments?post=10779"}],"version-history":[{"count":3,"href":"https:\/\/developresiliency.com\/fr\/wp-json\/wp\/v2\/pages\/10779\/revisions"}],"predecessor-version":[{"id":10882,"href":"https:\/\/developresiliency.com\/fr\/wp-json\/wp\/v2\/pages\/10779\/revisions\/10882"}],"wp:attachment":[{"href":"https:\/\/developresiliency.com\/fr\/wp-json\/wp\/v2\/media?parent=10779"}],"curies":[{"name":"wp","href":"https:\/\/api.w.org\/{rel}","templated":true}]}}