{"id":10811,"date":"2010-11-18T08:37:53","date_gmt":"2010-11-18T08:37:53","guid":{"rendered":"https:\/\/developresiliency.com\/home-store\/"},"modified":"2026-02-28T17:48:14","modified_gmt":"2026-02-28T17:48:14","slug":"home-store","status":"publish","type":"page","link":"https:\/\/developresiliency.com\/fr\/","title":{"rendered":"Home"},"content":{"rendered":"<style type=\"text\/css\"> \n#cmsmasters_row_69e0e959f35851_51905312 .cmsmasters_row_outer_parent { \n\tpadding-top: 0px; \n} \n\n#cmsmasters_row_69e0e959f35851_51905312 .cmsmasters_row_outer_parent { \n\tpadding-bottom: 0px; \n} \n\n \n#cmsmasters_row_69e0e95a14bd54_68281018 .cmsmasters_row_outer_parent { \n\tpadding-top: 0px; \n} \n\n#cmsmasters_row_69e0e95a14bd54_68281018 .cmsmasters_row_outer_parent { \n\tpadding-bottom: 0px; \n} \n\n#cmsmasters_row_69e0e95a14bd54_68281018 .cmsmasters_row_inner.cmsmasters_row_fullwidth { \n\tpadding-left:0%; \n} \n#cmsmasters_row_69e0e95a14bd54_68281018 .cmsmasters_row_inner.cmsmasters_row_fullwidth { \n\tpadding-right:0%; \n} \n \n#cmsmasters_divider_69e0e95a156740_53570252 { \n\tborder-bottom-width:1px; \n\tborder-bottom-style:solid; \n\tpadding-top:0px; \n\tmargin-bottom:0px; \n} \n \n#cmsmasters_row_69e0e95a157434_34329623 { \n\tbackground-color:rgb(245,245,245);\n} \n\n#cmsmasters_row_69e0e95a157434_34329623 .cmsmasters_row_outer_parent { \n\tpadding-top: 90px; \n} \n\n#cmsmasters_row_69e0e95a157434_34329623 .cmsmasters_row_outer_parent { \n\tpadding-bottom: 70px; \n} \n\n \n#cmsmasters_heading_69e0e95a15abf7_70867886 { \n\ttext-align:left; \n\tmargin-top:0px; \n\tmargin-bottom:10px; \n} \n\n#cmsmasters_heading_69e0e95a15abf7_70867886 .cmsmasters_heading { \n\ttext-align:left; \n} \n\n#cmsmasters_heading_69e0e95a15abf7_70867886 .cmsmasters_heading, #cmsmasters_heading_69e0e95a15abf7_70867886 .cmsmasters_heading a { \n\tfont-size:36px; \n\tfont-weight:bold; \n\tfont-style:normal; \n} \n\n#cmsmasters_heading_69e0e95a15abf7_70867886 .cmsmasters_heading_divider { \n} \n\n \n#cmsmasters_divider_69e0e95a15c024_60563436 { \n\tborder-bottom-width:0px; \n\tborder-bottom-style:solid; \n\tpadding-top:0px; \n\tmargin-bottom:30px; \n} \n \n#cmsmasters_heading_69e0e95a15c697_32602683 { \n\ttext-align:left; \n\tmargin-top:0px; \n\tmargin-bottom:10px; \n} \n\n#cmsmasters_heading_69e0e95a15c697_32602683 .cmsmasters_heading { \n\ttext-align:left; \n} \n\n#cmsmasters_heading_69e0e95a15c697_32602683 .cmsmasters_heading, #cmsmasters_heading_69e0e95a15c697_32602683 .cmsmasters_heading a { \n\tfont-size:36px; \n\tfont-weight:bold; \n\tfont-style:normal; \n} \n\n#cmsmasters_heading_69e0e95a15c697_32602683 .cmsmasters_heading_divider { \n} \n\n \n#cmsmasters_divider_69e0e95a1613c1_44508048 { \n\tborder-bottom-width:0px; \n\tborder-bottom-style:solid; \n\tpadding-top:0px; \n\tmargin-bottom:30px; \n} \n \n#cmsmasters_heading_69e0e95a161c83_82721754 { \n\ttext-align:left; \n\tmargin-top:0px; \n\tmargin-bottom:10px; \n} \n\n#cmsmasters_heading_69e0e95a161c83_82721754 .cmsmasters_heading { \n\ttext-align:left; \n} \n\n#cmsmasters_heading_69e0e95a161c83_82721754 .cmsmasters_heading, #cmsmasters_heading_69e0e95a161c83_82721754 .cmsmasters_heading a { \n\tfont-size:36px; \n\tfont-weight:bold; \n\tfont-style:normal; \n} \n\n#cmsmasters_heading_69e0e95a161c83_82721754 .cmsmasters_heading_divider { \n} \n\n \n#cmsmasters_row_69e0e95a164e56_74811749 .cmsmasters_row_outer_parent { \n\tpadding-top: 0px; \n} \n\n#cmsmasters_row_69e0e95a164e56_74811749 .cmsmasters_row_outer_parent { \n\tpadding-bottom: 0px; \n} \n\n#cmsmasters_row_69e0e95a164e56_74811749 .cmsmasters_row_inner.cmsmasters_row_fullwidth { \n\tpadding-left:0%; \n} \n#cmsmasters_row_69e0e95a164e56_74811749 .cmsmasters_row_inner.cmsmasters_row_fullwidth { \n\tpadding-right:0%; \n} \n \n#cmsmasters_divider_69e0e95a166734_93790080 { \n\tborder-bottom-width:1px; \n\tborder-bottom-style:solid; \n\tpadding-top:0px; \n\tmargin-bottom:0px; \n} \n \n#cmsmasters_row_69e0e95a1670e2_99263727 { \n\tbackground-color:#e7e7e7;\n\tbackground-image: url(https:\/\/developresiliency.com\/wp-content\/uploads\/2015\/11\/pattern.png); \n\tbackground-position: top center; \n\tbackground-repeat: repeat; \n\tbackground-attachment: scroll; \n\tbackground-size: auto; \n} \n\n#cmsmasters_row_69e0e95a1670e2_99263727 .cmsmasters_row_outer_parent { \n\tpadding-top: 80px; \n} \n\n#cmsmasters_row_69e0e95a1670e2_99263727 .cmsmasters_row_outer_parent { \n\tpadding-bottom: 90px; \n} \n\n \n#cmsmasters_divider_69e0e95a18a5e9_82849462 { \n\tborder-bottom-width:0px; \n\tborder-bottom-style:solid; \n\tpadding-top:30px; \n\tmargin-bottom:0px; \n} \n \n#cmsmasters_icon_69e0e95a19ae52_84618238 { \n\tdisplay:block; \n\ttext-align:left; } \n\n#cmsmasters_icon_69e0e95a19ae52_84618238 .cmsmasters_simple_icon { \n\tborder-width:0px; \n\twidth:36px; \n\theight:36px; \n\tfont-size:32px; \n\tline-height:36px; \n\ttext-align:left; \n\t-webkit-border-radius:50%; \n\tborder-radius:50%; \n\tcolor:#a36f61;} \n \n#cmsmasters_heading_69e0e95a19b960_93289563 { \n\ttext-align:left; \n\tmargin-top:20px; \n\tmargin-bottom:30px; \n} \n\n#cmsmasters_heading_69e0e95a19b960_93289563 .cmsmasters_heading { \n\ttext-align:left; \n} \n\n#cmsmasters_heading_69e0e95a19b960_93289563 .cmsmasters_heading, #cmsmasters_heading_69e0e95a19b960_93289563 .cmsmasters_heading a { \n\tfont-weight:bold; \n\tfont-style:normal; \n} \n\n#cmsmasters_heading_69e0e95a19b960_93289563 .cmsmasters_heading_divider { \n} \n\n \n#cmsmasters_icon_69e0e95a1b2987_64113740 { \n\tdisplay:block; \n\ttext-align:left; } \n\n#cmsmasters_icon_69e0e95a1b2987_64113740 .cmsmasters_simple_icon { \n\tborder-width:0px; \n\twidth:36px; \n\theight:36px; \n\tfont-size:32px; \n\tline-height:36px; \n\ttext-align:left; \n\t-webkit-border-radius:50%; \n\tborder-radius:50%; \n\tcolor:#a36f61;} \n \n#cmsmasters_heading_69e0e95a1b3a46_07022245 { \n\ttext-align:left; \n\tmargin-top:20px; \n\tmargin-bottom:30px; \n} \n\n#cmsmasters_heading_69e0e95a1b3a46_07022245 .cmsmasters_heading { \n\ttext-align:left; \n} \n\n#cmsmasters_heading_69e0e95a1b3a46_07022245 .cmsmasters_heading, #cmsmasters_heading_69e0e95a1b3a46_07022245 .cmsmasters_heading a { \n\tfont-weight:bold; \n\tfont-style:normal; \n} \n\n#cmsmasters_heading_69e0e95a1b3a46_07022245 .cmsmasters_heading_divider { \n} \n\n \n#cmsmasters_icon_69e0e95a1b6c49_94844076 { \n\tdisplay:block; \n\ttext-align:left; } \n\n#cmsmasters_icon_69e0e95a1b6c49_94844076 .cmsmasters_simple_icon { \n\tborder-width:0px; \n\twidth:36px; \n\theight:36px; \n\tfont-size:32px; \n\tline-height:36px; \n\ttext-align:left; \n\t-webkit-border-radius:50%; \n\tborder-radius:50%; \n\tcolor:#a36f61;} \n \n#cmsmasters_heading_69e0e95a1b75d0_80211295 { \n\ttext-align:left; \n\tmargin-top:20px; \n\tmargin-bottom:30px; \n} \n\n#cmsmasters_heading_69e0e95a1b75d0_80211295 .cmsmasters_heading { \n\ttext-align:left; \n} \n\n#cmsmasters_heading_69e0e95a1b75d0_80211295 .cmsmasters_heading, #cmsmasters_heading_69e0e95a1b75d0_80211295 .cmsmasters_heading a { \n\tfont-weight:bold; \n\tfont-style:normal; \n} \n\n#cmsmasters_heading_69e0e95a1b75d0_80211295 .cmsmasters_heading_divider { \n} \n\n<\/style><div id=\"cmsmasters_row_69e0e959f35851_51905312\" class=\"cmsmasters_row cmsmasters_color_scheme_default cmsmasters_row_top_default cmsmasters_row_bot_default cmsmasters_row_boxed\">\n<div class=\"cmsmasters_row_outer_parent\">\n<div class=\"cmsmasters_row_outer\">\n<div class=\"cmsmasters_row_inner\">\n<div class=\"cmsmasters_row_margin\">\n<div class=\"cmsmasters_column one_first\">\n<div class=\"cmsmasters_slider\"><script type=\"text\/javascript\">jQuery(function() { _initLayerSlider( '#layerslider_3_cuny38vjdusn', {sliderVersion: '7.15.1', type: 'fullwidth', responsiveUnder: 0, layersContainer: 0, hideOnMobile: true, hideOver: 100000, pauseOnHover: 1, skin: 'v5', sliderFadeInDuration: 350, navStartStop: false, navButtons: false, useSrcset: true, skinsPath: 'https:\/\/developresiliency.com\/wp-content\/plugins\/LayerSlider\/assets\/static\/layerslider\/skins\/', performanceMode: true}); });<\/script><div id=\"layerslider_3_cuny38vjdusn\"  class=\"ls-wp-container fitvidsignore ls-selectable\" style=\"width:1920px;height:680px;margin:0 auto;margin-bottom: 0px;\"><div class=\"ls-slide\" data-ls=\"duration:3000;\"><img loading=\"lazy\" decoding=\"async\" width=\"2200\" height=\"814\" src=\"https:\/\/developresiliency.com\/wp-content\/uploads\/2025\/12\/coverSk2.jpg\" class=\"ls-bg\" alt=\"\" srcset=\"https:\/\/developresiliency.com\/wp-content\/uploads\/2025\/12\/coverSk2.jpg 2200w, https:\/\/developresiliency.com\/wp-content\/uploads\/2025\/12\/coverSk2-300x111.jpg 300w, https:\/\/developresiliency.com\/wp-content\/uploads\/2025\/12\/coverSk2-1024x379.jpg 1024w, https:\/\/developresiliency.com\/wp-content\/uploads\/2025\/12\/coverSk2-768x284.jpg 768w, https:\/\/developresiliency.com\/wp-content\/uploads\/2025\/12\/coverSk2-1536x568.jpg 1536w, https:\/\/developresiliency.com\/wp-content\/uploads\/2025\/12\/coverSk2-2048x758.jpg 2048w, https:\/\/developresiliency.com\/wp-content\/uploads\/2025\/12\/coverSk2-580x215.jpg 580w, https:\/\/developresiliency.com\/wp-content\/uploads\/2025\/12\/coverSk2-860x318.jpg 860w, https:\/\/developresiliency.com\/wp-content\/uploads\/2025\/12\/coverSk2-1160x429.jpg 1160w\" sizes=\"auto, (max-width: 2200px) 100vw, 2200px\" \/><p style=\"font-weight: 700;font-family:source sans pro;font-size:60px;color:#ffffff;top:46px;left:850px;\" class=\"ls-l ls-text-layer\" data-ls=\"offsetxin:80;offsetxout:-80;durationout:400;parallaxlevel:0;\">\"Le roseau vert qui plie dans le vent<\/p><p style=\"font-weight: 700;font-family:source sans pro;font-size:60px;color:#ffffff;top:115px;left:918px;\" class=\"ls-l ls-text-layer\" data-ls=\"offsetxin:80;offsetxout:-80;durationout:400;parallaxlevel:0;\">est plus fort que le puissant ch\u00eane<\/p><p style=\"font-weight: 700;font-family:source sans pro;font-size:60px;color:#ffffff;top:184px;left:1059px;\" class=\"ls-l ls-text-layer\" data-ls=\"offsetxin:80;offsetxout:-80;durationout:400;parallaxlevel:0;\">qui se brise dans la temp\u00eate.<\/p><p style=\"font-weight: 700;font-family:source sans pro;font-size:60px;color:#ffffff;top:253px;left:1487px;font-style:italic;text-align:right;\" class=\"ls-l ls-text-layer\" data-ls=\"offsetxin:80;offsetxout:-80;durationout:400;parallaxlevel:0;\">- Konfucius<\/p><\/div><\/div><\/div>\n<\/div>\n<\/div>\n<\/div>\n<\/div>\n<\/div>\n<\/div>\n<div id=\"cmsmasters_row_69e0e95a14bd54_68281018\" class=\"cmsmasters_row cmsmasters_color_scheme_default cmsmasters_row_top_default cmsmasters_row_bot_default cmsmasters_row_fullwidth\">\n<div class=\"cmsmasters_row_outer_parent\">\n<div class=\"cmsmasters_row_outer\">\n<div class=\"cmsmasters_row_inner cmsmasters_row_fullwidth\">\n<div class=\"cmsmasters_row_margin\">\n<div class=\"cmsmasters_column one_first\">\n\n<div id=\"cmsmasters_divider_69e0e95a156740_53570252\" class=\"cmsmasters_divider cmsmasters_divider_width_long cmsmasters_divider_pos_center\"><\/div>\n<\/div>\n<\/div>\n<\/div>\n<\/div>\n<\/div>\n<\/div>\n<div id=\"cmsmasters_row_69e0e95a157434_34329623\" class=\"cmsmasters_row cmsmasters_color_scheme_default cmsmasters_row_top_default cmsmasters_row_bot_default cmsmasters_row_boxed\">\n<div class=\"cmsmasters_row_outer_parent\">\n<div class=\"cmsmasters_row_outer\">\n<div class=\"cmsmasters_row_inner\">\n<div class=\"cmsmasters_row_margin\">\n<div class=\"cmsmasters_column one_half\">\n\n<div id=\"cmsmasters_heading_69e0e95a15abf7_70867886\" class=\"cmsmasters_heading_wrap cmsmasters_heading_align_left\">\n\t<h1 class=\"cmsmasters_heading\">Resilience &#8211; l&rsquo;approche int\u00e9grative<\/h1>\n<\/div><div class=\"cmsmasters_text\">\n<p>Bienvenue sur mon site d\u00e9di\u00e9 \u00e0 l&rsquo;approche int\u00e9grative<\/p>\n<\/div>\n\n<div id=\"cmsmasters_divider_69e0e95a15c024_60563436\" class=\"cl\"><\/div>\n\n<div id=\"cmsmasters_heading_69e0e95a15c697_32602683\" class=\"cmsmasters_heading_wrap cmsmasters_heading_align_left\">\n\t<h2 class=\"cmsmasters_heading\">Ma mission<\/h2>\n<\/div><div class=\"cmsmasters_text\">\n<p>Ma mission est de guider les personnes vers une vie de mouvement fluide, d&rsquo;\u00e9quilibre naturel et de pr\u00e9sence authentique. J&rsquo;associe des traitements avanc\u00e9s des fascias, des exercices d&rsquo;int\u00e9gration bilat\u00e9rale et des techniques somatiques pour r\u00e9soudre les restrictions profondes, tant dans notre corps que dans notre vie, favorisant ainsi une approche holistique, la r\u00e9silience et une v\u00e9ritable libert\u00e9 au quotidien.<\/p>\n<\/div>\n\n<div id=\"cmsmasters_divider_69e0e95a1613c1_44508048\" class=\"cl\"><\/div>\n\n<div id=\"cmsmasters_heading_69e0e95a161c83_82721754\" class=\"cmsmasters_heading_wrap cmsmasters_heading_align_left\">\n\t<h2 class=\"cmsmasters_heading\">Les probl\u00e9matiques les plus fr\u00e9quemment abord\u00e9es<\/h2>\n<\/div><div class=\"cmsmasters_text\">\n<ul class=\"uList\">\n<li>Angoisses et peurs<\/li>\n<li>Probl\u00e8mes de sant\u00e9 chroniques<\/li>\n<li>Difficult\u00e9s parentales<\/li>\n<li>Traitement des \u00e9v\u00e9nements traumatisants de la vie<\/li>\n<li>Probl\u00e8mes relationnels &#8211; y compris les difficult\u00e9s conjugales et familiales<\/li>\n<li>Prendre des d\u00e9cisions de carri\u00e8re et de travail<\/li>\n<li>Faire face au stress et aux \u00e9v\u00e9nements n\u00e9gatifs de la vie<\/li>\n<li>Adaptation personnelle\/sociale<\/li>\n<li>D\u00e9velopper sa propre identit\u00e9<\/li>\n<li>Difficult\u00e9s persistantes dans les relations<\/li>\n<\/ul>\n<\/div>\n<\/div>\n<div class=\"cmsmasters_column one_half\">\n<\/div>\n<\/div>\n<\/div>\n<\/div>\n<\/div>\n<\/div>\n<div id=\"cmsmasters_row_69e0e95a164e56_74811749\" class=\"cmsmasters_row cmsmasters_color_scheme_default cmsmasters_row_top_default cmsmasters_row_bot_default cmsmasters_row_fullwidth\">\n<div class=\"cmsmasters_row_outer_parent\">\n<div class=\"cmsmasters_row_outer\">\n<div class=\"cmsmasters_row_inner cmsmasters_row_fullwidth\">\n<div class=\"cmsmasters_row_margin\">\n<div class=\"cmsmasters_column one_first\">\n\n<div id=\"cmsmasters_divider_69e0e95a166734_93790080\" class=\"cmsmasters_divider cmsmasters_divider_width_long cmsmasters_divider_pos_center\"><\/div>\n<\/div>\n<\/div>\n<\/div>\n<\/div>\n<\/div>\n<\/div>\n<div id=\"cmsmasters_row_69e0e95a1670e2_99263727\" class=\"cmsmasters_row cmsmasters_color_scheme_default cmsmasters_row_top_default cmsmasters_row_bot_default cmsmasters_row_boxed\">\n<div class=\"cmsmasters_row_outer_parent\">\n<div class=\"cmsmasters_row_outer\">\n<div class=\"cmsmasters_row_inner\">\n<div class=\"cmsmasters_row_margin\">\n<div class=\"cmsmasters_column one_fourth\">\n\n<div id=\"cmsmasters_divider_69e0e95a18a5e9_82849462\" class=\"cl\"><\/div>\n<div class=\"cmsmasters_img  cmsmasters_image_n\">\n<img decoding=\"async\" src=\"https:\/\/developresiliency.com\/wp-content\/uploads\/2025\/12\/resilience4-min-b-1.png\" \/>\n<\/div>\n<\/div>\n<div class=\"cmsmasters_column one_fourth\">\n\n<div id=\"cmsmasters_icon_69e0e95a19ae52_84618238\" class=\"cmsmasters_icon_wrap\"><span class=\"cmsmasters_simple_icon cmsmasters-icon-location-3\"><\/span><\/div>\n\n<div id=\"cmsmasters_heading_69e0e95a19b960_93289563\" class=\"cmsmasters_heading_wrap cmsmasters_heading_align_left\">\n\t<h2 class=\"cmsmasters_heading\">Adresa<\/h2>\n<\/div><div class=\"cmsmasters_text\">\n<p><span style=\"font-size: 11pt; font-family: droid serif;\"><em>Cukrova 14,<br \/>\nmiestnos\u0165 202 2. poschodie,<br \/>\nBratislava, Star\u00e9 Mesto<\/em><\/span><\/p>\n<p>&nbsp;<\/p>\n<\/div>\n<\/div>\n<div class=\"cmsmasters_column one_fourth\">\n\n<div id=\"cmsmasters_icon_69e0e95a1b2987_64113740\" class=\"cmsmasters_icon_wrap\"><span class=\"cmsmasters_simple_icon cmsmasters-icon-time\"><\/span><\/div>\n\n<div id=\"cmsmasters_heading_69e0e95a1b3a46_07022245\" class=\"cmsmasters_heading_wrap cmsmasters_heading_align_left\">\n\t<h2 class=\"cmsmasters_heading\">Dostupnos\u0165<\/h2>\n<\/div><div class=\"cmsmasters_text\">\n<p><span style=\"font-family: droid serif;\"><span style=\"font-size: 14.6667px;\"><i>pod\u013ea dohody<\/i><\/span><\/span><\/p>\n<\/div>\n<\/div>\n<div class=\"cmsmasters_column one_fourth\">\n\n<div id=\"cmsmasters_icon_69e0e95a1b6c49_94844076\" class=\"cmsmasters_icon_wrap\"><span class=\"cmsmasters_simple_icon cmsmasters-icon-comment-3\"><\/span><\/div>\n\n<div id=\"cmsmasters_heading_69e0e95a1b75d0_80211295\" class=\"cmsmasters_heading_wrap cmsmasters_heading_align_left\">\n\t<h2 class=\"cmsmasters_heading\">Spojme sa<\/h2>\n<\/div><div class=\"cmsmasters_text\">\n<p><a href=\"tel:+421951421737\"><span style=\"font-size: 11pt; font-family: droid serif;\"><em>+421 951 421 737<\/em><\/span><\/a><br \/>\n<span style=\"font-size: 11pt; font-family: droid serif;\"><em>develop.resiliency@gmail.com<\/em><\/span><\/p>\n<\/div>\n<\/div>\n<\/div>\n<\/div>\n<\/div>\n<\/div>\n<\/div>\n\n","protected":false},"excerpt":{"rendered":"","protected":false},"author":1,"featured_media":0,"parent":0,"menu_order":0,"comment_status":"closed","ping_status":"closed","template":"","meta":{"footnotes":""},"class_list":["post-10811","page","type-page","status-publish","hentry"],"_links":{"self":[{"href":"https:\/\/developresiliency.com\/fr\/wp-json\/wp\/v2\/pages\/10811","targetHints":{"allow":["GET"]}}],"collection":[{"href":"https:\/\/developresiliency.com\/fr\/wp-json\/wp\/v2\/pages"}],"about":[{"href":"https:\/\/developresiliency.com\/fr\/wp-json\/wp\/v2\/types\/page"}],"author":[{"embeddable":true,"href":"https:\/\/developresiliency.com\/fr\/wp-json\/wp\/v2\/users\/1"}],"replies":[{"embeddable":true,"href":"https:\/\/developresiliency.com\/fr\/wp-json\/wp\/v2\/comments?post=10811"}],"version-history":[{"count":2,"href":"https:\/\/developresiliency.com\/fr\/wp-json\/wp\/v2\/pages\/10811\/revisions"}],"predecessor-version":[{"id":10868,"href":"https:\/\/developresiliency.com\/fr\/wp-json\/wp\/v2\/pages\/10811\/revisions\/10868"}],"wp:attachment":[{"href":"https:\/\/developresiliency.com\/fr\/wp-json\/wp\/v2\/media?parent=10811"}],"curies":[{"name":"wp","href":"https:\/\/api.w.org\/{rel}","templated":true}]}}